{"id":291,"date":"2017-01-16T15:10:29","date_gmt":"2017-01-16T14:10:29","guid":{"rendered":"http:\/\/www.sg-ag.de\/WP\/wordpress\/?page_id=291"},"modified":"2025-08-27T13:30:03","modified_gmt":"2025-08-27T11:30:03","slug":"schiedsrichter","status":"publish","type":"page","link":"https:\/\/www.sg-ag.de\/WP\/schiedsrichter\/","title":{"rendered":"Schiedsrichter bei der SG AG"},"content":{"rendered":"\t\t<div data-elementor-type=\"wp-page\" data-elementor-id=\"291\" class=\"elementor elementor-291\" data-elementor-settings=\"{&quot;ha_cmc_init_switcher&quot;:&quot;no&quot;}\" data-elementor-post-type=\"page\">\n\t\t\t\t\t\t<section class=\"elementor-section elementor-top-section elementor-element elementor-element-48b4bc8 elementor-section-boxed elementor-section-height-default elementor-section-height-default\" data-id=\"48b4bc8\" data-element_type=\"section\" data-e-type=\"section\" data-settings=\"{&quot;background_background&quot;:&quot;classic&quot;,&quot;_ha_eqh_enable&quot;:false}\">\n\t\t\t\t\t\t\t<div class=\"elementor-background-overlay\"><\/div>\n\t\t\t\t\t\t\t<div class=\"elementor-container elementor-column-gap-default\">\n\t\t\t\t\t<div class=\"elementor-column elementor-col-100 elementor-top-column elementor-element elementor-element-50c7f54\" data-id=\"50c7f54\" data-element_type=\"column\" data-e-type=\"column\">\n\t\t\t<div class=\"elementor-widget-wrap elementor-element-populated\">\n\t\t\t\t\t\t<div class=\"elementor-element elementor-element-23a7769 elementor-widget elementor-widget-spacer\" data-id=\"23a7769\" data-element_type=\"widget\" data-e-type=\"widget\" data-widget_type=\"spacer.default\">\n\t\t\t\t<div class=\"elementor-widget-container\">\n\t\t\t\t\t\t\t<div class=\"elementor-spacer\">\n\t\t\t<div class=\"elementor-spacer-inner\"><\/div>\n\t\t<\/div>\n\t\t\t\t\t\t<\/div>\n\t\t\t\t<\/div>\n\t\t\t\t\t<\/div>\n\t\t<\/div>\n\t\t\t\t\t<\/div>\n\t\t<\/section>\n\t\t\t\t<section class=\"elementor-section elementor-top-section elementor-element elementor-element-5eed504 elementor-section-boxed elementor-section-height-default elementor-section-height-default\" data-id=\"5eed504\" data-element_type=\"section\" data-e-type=\"section\" data-settings=\"{&quot;_ha_eqh_enable&quot;:false}\">\n\t\t\t\t\t\t<div class=\"elementor-container elementor-column-gap-default\">\n\t\t\t\t\t<div class=\"elementor-column elementor-col-100 elementor-top-column elementor-element elementor-element-3b7ee2c3\" data-id=\"3b7ee2c3\" data-element_type=\"column\" data-e-type=\"column\" data-settings=\"{&quot;background_background&quot;:&quot;classic&quot;}\">\n\t\t\t<div class=\"elementor-widget-wrap elementor-element-populated\">\n\t\t\t\t\t\t<div class=\"elementor-element elementor-element-7290d92e elementor-widget elementor-widget-text-editor\" data-id=\"7290d92e\" data-element_type=\"widget\" data-e-type=\"widget\" data-widget_type=\"text-editor.default\">\n\t\t\t\t<div class=\"elementor-widget-container\">\n\t\t\t\t\t\t\t\t\t<p>Woche f\u00fcr Woche freuen wir uns auf dem Sportplatz zu stehen &#8211; egal ob als Spieler, Trainer oder Zuschauer. Was uns oftmals nicht bewusst ist, dass dies ohne Schiedsrichter gar nicht m\u00f6glich w\u00e4re. Als Unparteiischer lernt man den Sport von einer ganz anderen Seite kennen. Selbstbewusstsein, Durchsetzungsverm\u00f6gen und eine gewisse k\u00f6rperliche Fitness sind nur wenige Eigenschaften, die ein Schiedsrichter mit sich bringen sollte &#8211; und nat\u00fcrlich die Begeisterung f\u00fcr die sch\u00f6nste Nebensache der Welt: den Fu\u00dfball.<\/p><p>F\u00fcr jeden Verein ist es positiv mehrere Schiedsrichter in den eigenen Reihen zu haben. Kann ein Club nicht f\u00fcr jede Mannschaft, die er gemeldet hat einen Schiedsrichter stellen, so muss er dies mit hohen Ausgleichsgelder begleichen. Au\u00dferdem sind die Schiedsrichter auch ein gelungenes Aush\u00e4ngeschild f\u00fcr jeden Verein nach au\u00dfen.<\/p><p>Als Unparteiischer darf man unglaublich vieles erleben, man lernt neue Leute\/ Vereine kennen und steht auf den unterschiedlichsten Sportpl\u00e4tzen in der Region. Au\u00dferdem sind es immer wieder neue Herausforderungen, welche das Selbstbewusstsein und den Mut steigern. Dieser Einsatz wird nat\u00fcrlich auch belohnt, was gerade f\u00fcr viele Jugendliche eine gute M\u00f6glichkeit ist, das Taschengeld aufzubessern. Mit dem eigenen Schiedsrichterausweis hat jeder die Berechtigung, alle Stadien in Deutschland kostenfrei zu besuchen, was ein absolutes Privileg f\u00fcr die Referees ist! Vorausgesetzt ist ein Engagement von 15 Spielen (bei Jugendliche 12 Spiele) und vier Schulungen pro Saison.<\/p><p>Schiedsrichter zu werden ist ganz einfach und ab dem 14. Lebensjahr m\u00f6glich, doch auch f\u00fcr ?altgedienten Kicker? unter Euch mit Sicherheit eine ganz neue Herausforderung.<\/p><p>Haben wir Dein Interesse geweckt oder hast Du irgendwelche Fragen bez\u00fcglich der T\u00e4tigkeit als Schiedsrichter?<br \/>Dann melde Dich einfach:<\/p><p>Schiedsrichterbeauftragter der SG Altheim\/ Gr\u00fcnmettstetten:<br \/>Michael Steimle<br \/>07486\/1620<br \/>E-Mail: <a href=\"mailto:michisteimle@gmx.de\">michisteimle@gmx.de<\/a><\/p>\t\t\t\t\t\t\t\t<\/div>\n\t\t\t\t<\/div>\n\t\t\t\t\t<\/div>\n\t\t<\/div>\n\t\t\t\t\t<\/div>\n\t\t<\/section>\n\t\t\t\t<section class=\"elementor-section elementor-top-section elementor-element elementor-element-3e95cae elementor-section-boxed elementor-section-height-default elementor-section-height-default\" data-id=\"3e95cae\" data-element_type=\"section\" data-e-type=\"section\" data-settings=\"{&quot;background_background&quot;:&quot;classic&quot;,&quot;_ha_eqh_enable&quot;:false}\">\n\t\t\t\t\t\t<div class=\"elementor-container elementor-column-gap-default\">\n\t\t\t\t\t<div class=\"elementor-column elementor-col-100 elementor-top-column elementor-element elementor-element-6758187\" data-id=\"6758187\" data-element_type=\"column\" data-e-type=\"column\">\n\t\t\t<div class=\"elementor-widget-wrap elementor-element-populated\">\n\t\t\t\t\t\t<div class=\"elementor-element elementor-element-b15c4b3 elementor-widget elementor-widget-spacer\" data-id=\"b15c4b3\" data-element_type=\"widget\" data-e-type=\"widget\" data-widget_type=\"spacer.default\">\n\t\t\t\t<div class=\"elementor-widget-container\">\n\t\t\t\t\t\t\t<div class=\"elementor-spacer\">\n\t\t\t<div class=\"elementor-spacer-inner\"><\/div>\n\t\t<\/div>\n\t\t\t\t\t\t<\/div>\n\t\t\t\t<\/div>\n\t\t\t\t<div class=\"elementor-element elementor-element-4fa1f15 elementor-widget elementor-widget-heading\" data-id=\"4fa1f15\" data-element_type=\"widget\" data-e-type=\"widget\" data-widget_type=\"heading.default\">\n\t\t\t\t<div class=\"elementor-widget-container\">\n\t\t\t\t\t<h2 class=\"elementor-heading-title elementor-size-default\">Unsere Schiedsrichter<\/h2>\t\t\t\t<\/div>\n\t\t\t\t<\/div>\n\t\t\t\t<div class=\"elementor-element elementor-element-ea07b4e elementor-widget-divider--view-line elementor-widget elementor-widget-divider\" data-id=\"ea07b4e\" data-element_type=\"widget\" data-e-type=\"widget\" data-widget_type=\"divider.default\">\n\t\t\t\t<div class=\"elementor-widget-container\">\n\t\t\t\t\t\t\t<div class=\"elementor-divider\">\n\t\t\t<span class=\"elementor-divider-separator\">\n\t\t\t\t\t\t<\/span>\n\t\t<\/div>\n\t\t\t\t\t\t<\/div>\n\t\t\t\t<\/div>\n\t\t\t\t\t<\/div>\n\t\t<\/div>\n\t\t\t\t\t<\/div>\n\t\t<\/section>\n\t\t\t\t<section class=\"elementor-section elementor-top-section elementor-element elementor-element-3a89805 elementor-section-boxed elementor-section-height-default elementor-section-height-default\" data-id=\"3a89805\" data-element_type=\"section\" data-e-type=\"section\" data-settings=\"{&quot;background_background&quot;:&quot;classic&quot;,&quot;_ha_eqh_enable&quot;:false}\">\n\t\t\t\t\t\t<div class=\"elementor-container elementor-column-gap-default\">\n\t\t\t\t\t<div class=\"elementor-column elementor-col-50 elementor-top-column elementor-element elementor-element-2d96d48\" data-id=\"2d96d48\" data-element_type=\"column\" data-e-type=\"column\">\n\t\t\t<div class=\"elementor-widget-wrap elementor-element-populated\">\n\t\t\t\t\t\t<div class=\"elementor-element elementor-element-48ff635 elementor-widget elementor-widget-text-editor\" data-id=\"48ff635\" data-element_type=\"widget\" data-e-type=\"widget\" data-widget_type=\"text-editor.default\">\n\t\t\t\t<div class=\"elementor-widget-container\">\n\t\t\t\t\t\t\t\t\t<h3><span style=\"color: #ffffff;\"><strong>Michael Steimle<\/strong><\/span><\/h3><p>Schiedsrichter seit: Herbst 2008<br \/>Einsatzbereich:\u00a0 Bezirksliga (Schiedsrichterassistent Verbandsliga)<\/p><p>Meine Motivation, Schiedsrichter zu sein:<br \/>&#8211; neue Vereine, Leute und Sportpl\u00e4tze kennenlernen<br \/>&#8211; Nervenkitzel vor neuen Herausforderungen<br \/>&#8211; Die Liebe zum Fu\u00dfball<br \/>&#8211; Kameradschaft mit den anderen Schiedsrichterkollegen<\/p><p>Weitere Hobbys:<br \/>&#8211; Reisen<br \/>&#8211; Immer wieder selber Fu\u00dfball spielen<br \/>&#8211; Unternehmungen mit Kumpels<\/p>\t\t\t\t\t\t\t\t<\/div>\n\t\t\t\t<\/div>\n\t\t\t\t\t<\/div>\n\t\t<\/div>\n\t\t\t\t<div class=\"elementor-column elementor-col-50 elementor-top-column elementor-element elementor-element-be8f6b2\" data-id=\"be8f6b2\" data-element_type=\"column\" data-e-type=\"column\">\n\t\t\t<div class=\"elementor-widget-wrap elementor-element-populated\">\n\t\t\t\t\t\t<div class=\"elementor-element elementor-element-2cc6ac3 elementor-widget elementor-widget-image\" data-id=\"2cc6ac3\" data-element_type=\"widget\" data-e-type=\"widget\" data-widget_type=\"image.default\">\n\t\t\t\t<div class=\"elementor-widget-container\">\n\t\t\t\t\t\t\t\t\t\t\t\t\t\t\t\t<a href=\"https:\/\/www.sg-ag.de\/WP\/wp-content\/uploads\/2020\/08\/michi.jpg\" data-elementor-open-lightbox=\"yes\" data-elementor-lightbox-title=\"michi\" data-e-action-hash=\"#elementor-action%3Aaction%3Dlightbox%26settings%3DeyJpZCI6MjcyMiwidXJsIjoiaHR0cHM6XC9cL3d3dy5zZy1hZy5kZVwvV1BcL3dwLWNvbnRlbnRcL3VwbG9hZHNcLzIwMjBcLzA4XC9taWNoaS5qcGcifQ%3D%3D\">\n\t\t\t\t\t\t\t<img fetchpriority=\"high\" decoding=\"async\" width=\"600\" height=\"399\" src=\"https:\/\/www.sg-ag.de\/WP\/wp-content\/uploads\/2020\/08\/michi.jpg\" class=\"attachment-large size-large wp-image-2722\" alt=\"\" \/>\t\t\t\t\t\t\t\t<\/a>\n\t\t\t\t\t\t\t\t\t\t\t\t\t\t\t<\/div>\n\t\t\t\t<\/div>\n\t\t\t\t\t<\/div>\n\t\t<\/div>\n\t\t\t\t\t<\/div>\n\t\t<\/section>\n\t\t\t\t<section class=\"elementor-section elementor-top-section elementor-element elementor-element-064d1c7 elementor-section-boxed elementor-section-height-default elementor-section-height-default\" data-id=\"064d1c7\" data-element_type=\"section\" data-e-type=\"section\" data-settings=\"{&quot;background_background&quot;:&quot;classic&quot;,&quot;_ha_eqh_enable&quot;:false}\">\n\t\t\t\t\t\t<div class=\"elementor-container elementor-column-gap-default\">\n\t\t\t\t\t<div class=\"elementor-column elementor-col-100 elementor-top-column elementor-element elementor-element-883e0a9\" data-id=\"883e0a9\" data-element_type=\"column\" data-e-type=\"column\">\n\t\t\t<div class=\"elementor-widget-wrap elementor-element-populated\">\n\t\t\t\t\t\t<div class=\"elementor-element elementor-element-3594aa3 elementor-widget elementor-widget-spacer\" data-id=\"3594aa3\" data-element_type=\"widget\" data-e-type=\"widget\" data-widget_type=\"spacer.default\">\n\t\t\t\t<div class=\"elementor-widget-container\">\n\t\t\t\t\t\t\t<div class=\"elementor-spacer\">\n\t\t\t<div class=\"elementor-spacer-inner\"><\/div>\n\t\t<\/div>\n\t\t\t\t\t\t<\/div>\n\t\t\t\t<\/div>\n\t\t\t\t\t<\/div>\n\t\t<\/div>\n\t\t\t\t\t<\/div>\n\t\t<\/section>\n\t\t\t\t<\/div>\n\t\t","protected":false},"excerpt":{"rendered":"<p>Woche f\u00fcr Woche freuen wir uns auf dem Sportplatz zu stehen &#8211; egal ob als Spieler, Trainer oder Zuschauer. Was uns oftmals nicht bewusst ist, dass dies ohne Schiedsrichter gar nicht m\u00f6glich w\u00e4re. Als Unparteiischer lernt man den Sport von einer ganz anderen Seite kennen. Selbstbewusstsein, Durchsetzungsverm\u00f6gen und eine gewisse k\u00f6rperliche Fitness sind nur wenige [&hellip;]<\/p>\n","protected":false},"author":1,"featured_media":0,"parent":0,"menu_order":21,"comment_status":"closed","ping_status":"closed","template":"","meta":{"footnotes":""},"class_list":["post-291","page","type-page","status-publish","hentry"],"_links":{"self":[{"href":"https:\/\/www.sg-ag.de\/WP\/wp-json\/wp\/v2\/pages\/291","targetHints":{"allow":["GET"]}}],"collection":[{"href":"https:\/\/www.sg-ag.de\/WP\/wp-json\/wp\/v2\/pages"}],"about":[{"href":"https:\/\/www.sg-ag.de\/WP\/wp-json\/wp\/v2\/types\/page"}],"author":[{"embeddable":true,"href":"https:\/\/www.sg-ag.de\/WP\/wp-json\/wp\/v2\/users\/1"}],"replies":[{"embeddable":true,"href":"https:\/\/www.sg-ag.de\/WP\/wp-json\/wp\/v2\/comments?post=291"}],"version-history":[{"count":39,"href":"https:\/\/www.sg-ag.de\/WP\/wp-json\/wp\/v2\/pages\/291\/revisions"}],"predecessor-version":[{"id":11974,"href":"https:\/\/www.sg-ag.de\/WP\/wp-json\/wp\/v2\/pages\/291\/revisions\/11974"}],"wp:attachment":[{"href":"https:\/\/www.sg-ag.de\/WP\/wp-json\/wp\/v2\/media?parent=291"}],"curies":[{"name":"wp","href":"https:\/\/api.w.org\/{rel}","templated":true}]}}